{"id":149,"date":"2021-01-13T15:37:59","date_gmt":"2021-01-13T14:37:59","guid":{"rendered":"https:\/\/akkusys.de\/?page_id=149"},"modified":"2025-07-31T14:55:11","modified_gmt":"2025-07-31T12:55:11","slug":"logistics-2","status":"publish","type":"page","link":"https:\/\/akkusys.de\/en\/logistics-2\/","title":{"rendered":"Logistics"},"content":{"rendered":"<div data-elementor-type=\"wp-page\" data-elementor-id=\"149\" class=\"elementor elementor-149\" data-elementor-post-type=\"page\">\n\t\t\t\t<section data-particle_enable=\"false\" data-particle-mobile-disabled=\"false\" class=\"elementor-element elementor-element-03b43b9 e-flex e-con-boxed e-con e-parent\" data-id=\"03b43b9\" data-element_type=\"container\" data-settings=\"{&quot;background_background&quot;:&quot;classic&quot;}\">\n\t\t\t\t\t<div class=\"e-con-inner\">\n\t\t<div data-particle_enable=\"false\" data-particle-mobile-disabled=\"false\" class=\"elementor-element elementor-element-6e2ee8f e-con-full e-flex e-con e-child\" data-id=\"6e2ee8f\" data-element_type=\"container\">\n\t\t\t\t<div class=\"elementor-element elementor-element-d0b4a37 elementor-widget elementor-widget-heading\" data-id=\"d0b4a37\" data-element_type=\"widget\" data-widget_type=\"heading.default\">\n\t\t\t\t\t<h1 class=\"elementor-heading-title elementor-size-default\">Logistics<\/h1>\t\t\t\t<\/div>\n\t\t\t\t<div class=\"elementor-element elementor-element-934fbc5 elementor-widget elementor-widget-heading\" data-id=\"934fbc5\" data-element_type=\"widget\" data-widget_type=\"heading.default\">\n\t\t\t\t\t<h2 class=\"elementor-heading-title elementor-size-default\">Our logistics concept<\/h2>\t\t\t\t<\/div>\n\t\t\t\t<div class=\"elementor-element elementor-element-473d1f8 elementor-hidden-desktop elementor-hidden-tablet elementor-widget elementor-widget-image\" data-id=\"473d1f8\" data-element_type=\"widget\" data-widget_type=\"image.default\">\n\t\t\t\t\t\t\t\t\t\t\t\t\t\t\t<img fetchpriority=\"high\" decoding=\"async\" width=\"780\" height=\"1000\" src=\"https:\/\/akkusys.de\/wp-content\/uploads\/unser-logistik-zentrum.jpg\" class=\"attachment-full size-full wp-image-16353\" alt=\"Akkusys logistics centre\" srcset=\"https:\/\/akkusys.de\/wp-content\/uploads\/unser-logistik-zentrum.jpg 780w, https:\/\/akkusys.de\/wp-content\/uploads\/unser-logistik-zentrum-234x300.jpg 234w, https:\/\/akkusys.de\/wp-content\/uploads\/unser-logistik-zentrum-768x985.jpg 768w, https:\/\/akkusys.de\/wp-content\/uploads\/unser-logistik-zentrum-9x12.jpg 9w\" sizes=\"(max-width: 780px) 100vw, 780px\" \/>\t\t\t\t\t\t\t\t\t\t\t\t\t\t\t<\/div>\n\t\t\t\t<div class=\"elementor-element elementor-element-def0193 elementor-widget elementor-widget-text-editor\" data-id=\"def0193\" data-element_type=\"widget\" data-widget_type=\"text-editor.default\">\n\t\t\t\t\t\t\t\t\t<p>One of our competitive advantages is our flexible logistics concept.<br \/>A large standard range is available from stock. Thanks to our high availability of goods, we can guarantee our customers a needs-based supply.<\/p><p>We are happy to deliver directly to your customers on request, as dropshipping is just as much a part of our standards as invoice processing for your online customers.<\/p><p>It goes without saying that our deliveries are always cost-optimised, with no minimum order quantities and professional, secure packaging by our competent employees. To ensure reliable transport for the shipment of over 25,000 pallets and more than 250,000 parcels throughout Germany and Europe every year, we work with renowned forwarding agents such as Hellmann Worldwide Logistics and the parcel service DPD.<\/p>\t\t\t\t\t\t\t\t<\/div>\n\t\t\t\t<div class=\"elementor-element elementor-element-757aa74 elementor-widget elementor-widget-heading\" data-id=\"757aa74\" data-element_type=\"widget\" data-widget_type=\"heading.default\">\n\t\t\t\t\t<span class=\"elementor-heading-title elementor-size-default\">You can track your consignment here:<\/span>\t\t\t\t<\/div>\n\t\t\t\t<div class=\"elementor-element elementor-element-cf0f964 elementor-widget elementor-widget-eael-feature-list\" data-id=\"cf0f964\" data-element_type=\"widget\" data-widget_type=\"eael-feature-list.default\">\n\t\t\t\t\t\t\t<div class=\"-icon-position-left -tablet-icon-position-left -mobile-icon-position-left\">\n\t\t\t<ul id=\"eael-feature-list-cf0f964\" class=\"eael-feature-list-items circle stacked  eael-feature-list-vertical\" data-layout-tablet=\"vertical\" data-layout-mobile=\"vertical\">\n\t\t\t                <li class=\"eael-feature-list-item elementor-repeater-item-5034f9a\">\n                    \n\t\t\t\t\t\t<div class=\"eael-feature-list-icon-box\">\n\t\t\t\t\t\t\t<div class=\"eael-feature-list-icon-inner\">\n\n\t\t\t\t\t\t\t\t<a class=\"eael-feature-list-icon fl-icon-0\" href=\"https:\/\/www.dpd.com\/de\/de\/empfangen\/sendungsverfolgung-und-live-tracking\/\" aria-label=\"DPD shipment tracking and live tracking\" rel=\"noopener\">\n\n\t\t<svg xmlns=\"http:\/\/www.w3.org\/2000\/svg\" id=\"Layer_2_00000075157625707773917800000006252646407079243187_\" height=\"512\" viewbox=\"0 0 512 512\" width=\"512\"><g id=\"Icon\"><path id=\"_146\" d=\"m392.5 266.6-123.8 123.8c-9.5 9.5-25.6 2.8-25.6-10.6v-53.6c0-4 1.6-7.8 4.4-10.6l59.6-59.6-59.6-59.6c-2.8-2.8-4.4-6.6-4.4-10.6v-53.6c0-13.4 16.2-20.1 25.6-10.6l123.8 123.8c5.9 5.9 5.9 15.4 0 21.2zm-128-21.2-123.8-123.8c-9.4-9.4-25.6-2.8-25.6 10.6v53.6c0 4 1.6 7.8 4.4 10.6l59.6 59.6-59.6 59.6c-2.8 2.8-4.4 6.6-4.4 10.6v53.6c0 13.4 16.2 20.1 25.6 10.6l123.8-123.8c5.9-5.9 5.9-15.4 0-21.2z\"><\/path><\/g><\/svg>\t\t\t\t\t\t\t\t<\/a>\n\t\t\t\t\t\t\t<\/div>\n\t\t\t\t\t\t<\/div>\n\t\t\t\t\t\t<div class=\"eael-feature-list-content-box\">\n                            <h3 class=\"eael-feature-list-title\"><a href=\"https:\/\/www.dpd.com\/de\/de\/empfangen\/sendungsverfolgung-und-live-tracking\/\" aria-label=\"DPD shipment tracking and live tracking\" rel=\"noopener\">DPD Tracking <\/a><\/h3>\t\t\t\t\t\t<p class=\"eael-feature-list-content\"><\/p>\n\t\t\t\t\t\t<\/div>\n\n\t\t\t\t\t<\/li>\n\t\t\t\t                <li class=\"eael-feature-list-item elementor-repeater-item-f544c11\">\n                    \n\t\t\t\t\t\t<div class=\"eael-feature-list-icon-box\">\n\t\t\t\t\t\t\t<div class=\"eael-feature-list-icon-inner\">\n\n\t\t\t\t\t\t\t\t<a class=\"eael-feature-list-icon fl-icon-1\" href=\"https:\/\/www.dhl.de\/de\/privatkunden\/dhl-sendungsverfolgung.html\" aria-label=\"DHL shipment tracking\" rel=\"noopener\">\n\n\t\t<svg xmlns=\"http:\/\/www.w3.org\/2000\/svg\" id=\"Layer_2_00000075157625707773917800000006252646407079243187_\" height=\"512\" viewbox=\"0 0 512 512\" width=\"512\"><g id=\"Icon\"><path id=\"_146\" d=\"m392.5 266.6-123.8 123.8c-9.5 9.5-25.6 2.8-25.6-10.6v-53.6c0-4 1.6-7.8 4.4-10.6l59.6-59.6-59.6-59.6c-2.8-2.8-4.4-6.6-4.4-10.6v-53.6c0-13.4 16.2-20.1 25.6-10.6l123.8 123.8c5.9 5.9 5.9 15.4 0 21.2zm-128-21.2-123.8-123.8c-9.4-9.4-25.6-2.8-25.6 10.6v53.6c0 4 1.6 7.8 4.4 10.6l59.6 59.6-59.6 59.6c-2.8 2.8-4.4 6.6-4.4 10.6v53.6c0 13.4 16.2 20.1 25.6 10.6l123.8-123.8c5.9-5.9 5.9-15.4 0-21.2z\"><\/path><\/g><\/svg>\t\t\t\t\t\t\t\t<\/a>\n\t\t\t\t\t\t\t<\/div>\n\t\t\t\t\t\t<\/div>\n\t\t\t\t\t\t<div class=\"eael-feature-list-content-box\">\n                            <h3 class=\"eael-feature-list-title\"><a href=\"https:\/\/www.dhl.de\/de\/privatkunden\/dhl-sendungsverfolgung.html\" aria-label=\"DHL shipment tracking\" rel=\"noopener\"> DHL Tracking <\/a><\/h3>\t\t\t\t\t\t<p class=\"eael-feature-list-content\"><\/p>\n\t\t\t\t\t\t<\/div>\n\n\t\t\t\t\t<\/li>\n\t\t\t\t\t\t\t<\/ul>\n\t\t<\/div>\n\t\t\t\t\t\t<\/div>\n\t\t\t\t<\/div>\n\t\t<div data-particle_enable=\"false\" data-particle-mobile-disabled=\"false\" class=\"elementor-element elementor-element-c229371 e-con-full elementor-hidden-mobile e-flex e-con e-child\" data-id=\"c229371\" data-element_type=\"container\">\n\t\t\t\t<div class=\"elementor-element elementor-element-ac3979f elementor-hidden-mobile elementor-widget elementor-widget-image\" data-id=\"ac3979f\" data-element_type=\"widget\" data-widget_type=\"image.default\">\n\t\t\t\t\t\t\t\t\t\t\t\t\t\t\t<img fetchpriority=\"high\" decoding=\"async\" width=\"780\" height=\"1000\" src=\"https:\/\/akkusys.de\/wp-content\/uploads\/unser-logistik-zentrum.jpg\" class=\"attachment-full size-full wp-image-16353\" alt=\"Akkusys logistics centre\" srcset=\"https:\/\/akkusys.de\/wp-content\/uploads\/unser-logistik-zentrum.jpg 780w, https:\/\/akkusys.de\/wp-content\/uploads\/unser-logistik-zentrum-234x300.jpg 234w, https:\/\/akkusys.de\/wp-content\/uploads\/unser-logistik-zentrum-768x985.jpg 768w, https:\/\/akkusys.de\/wp-content\/uploads\/unser-logistik-zentrum-9x12.jpg 9w\" sizes=\"(max-width: 780px) 100vw, 780px\" \/>\t\t\t\t\t\t\t\t\t\t\t\t\t\t\t<\/div>\n\t\t\t\t<\/div>\n\t\t\t\t\t<\/div>\n\t\t\t\t<\/section>\n\t\t\t\t<\/div>","protected":false},"excerpt":{"rendered":"<p>Unser Logistikkonzept Einer unserer Wettbewerbsvorteile ist unser flexibles Logistikkonzept.Ein gro\u00dfes Standardsortiment ist ab Lager verf\u00fcgbar. Durch unsere hohe Warenverf\u00fcgbarkeit gew\u00e4hren wir unseren Kunden eine bedarfsgerechte Versorgung. Gerne liefern wir entsprechend auf Wunsch direkt an Ihre Kunden, denn Dropshipping geh\u00f6rt genauso zu unseren Standards wie die Rechnungsabwicklung an Ihre Online-Kunden. Unsere Lieferungen erfolgen selbstverst\u00e4ndlich ohne Mindestbestellmengen [&hellip;]<\/p>","protected":false},"author":6,"featured_media":16353,"parent":0,"menu_order":25,"comment_status":"closed","ping_status":"closed","template":"","meta":{"footnotes":""},"class_list":["post-149","page","type-page","status-publish","has-post-thumbnail","hentry"],"_links":{"self":[{"href":"https:\/\/akkusys.de\/en\/wp-json\/wp\/v2\/pages\/149","targetHints":{"allow":["GET"]}}],"collection":[{"href":"https:\/\/akkusys.de\/en\/wp-json\/wp\/v2\/pages"}],"about":[{"href":"https:\/\/akkusys.de\/en\/wp-json\/wp\/v2\/types\/page"}],"author":[{"embeddable":true,"href":"https:\/\/akkusys.de\/en\/wp-json\/wp\/v2\/users\/6"}],"replies":[{"embeddable":true,"href":"https:\/\/akkusys.de\/en\/wp-json\/wp\/v2\/comments?post=149"}],"version-history":[{"count":3,"href":"https:\/\/akkusys.de\/en\/wp-json\/wp\/v2\/pages\/149\/revisions"}],"predecessor-version":[{"id":16356,"href":"https:\/\/akkusys.de\/en\/wp-json\/wp\/v2\/pages\/149\/revisions\/16356"}],"wp:featuredmedia":[{"embeddable":true,"href":"https:\/\/akkusys.de\/en\/wp-json\/wp\/v2\/media\/16353"}],"wp:attachment":[{"href":"https:\/\/akkusys.de\/en\/wp-json\/wp\/v2\/media?parent=149"}],"curies":[{"name":"wp","href":"https:\/\/api.w.org\/{rel}","templated":true}]}}