{"id":18017,"date":"2026-04-14T14:27:58","date_gmt":"2026-04-14T12:27:58","guid":{"rendered":"https:\/\/akkusys.de\/?page_id=18017"},"modified":"2026-04-21T08:46:53","modified_gmt":"2026-04-21T06:46:53","slug":"teilnahmebedingungen-kaelteschein-a2-2026","status":"publish","type":"page","link":"https:\/\/akkusys.de\/en\/teilnahmebedingungen-kaelteschein-a2-2026\/","title":{"rendered":"Teilnahmebedingungen K\u00e4lteschein A2 &#8211; 2026"},"content":{"rendered":"<div data-elementor-type=\"wp-page\" data-elementor-id=\"18017\" class=\"elementor elementor-18017\" data-elementor-post-type=\"page\">\n\t\t\t\t<div data-particle_enable=\"false\" data-particle-mobile-disabled=\"false\" class=\"elementor-element elementor-element-69eedf7 e-flex e-con-boxed e-con e-parent\" data-id=\"69eedf7\" data-element_type=\"container\">\n\t\t\t\t\t<div class=\"e-con-inner\">\n\t\t<div data-particle_enable=\"false\" data-particle-mobile-disabled=\"false\" class=\"elementor-element elementor-element-109637d e-con-full e-flex e-con e-child\" data-id=\"109637d\" data-element_type=\"container\">\n\t\t\t\t<div class=\"elementor-element elementor-element-3f6a6496 elementor-widget elementor-widget-text-editor\" data-id=\"3f6a6496\" data-element_type=\"widget\" data-widget_type=\"text-editor.default\">\n\t\t\t\t\t\t\t\t\t<h1>Conditions of participation for refrigeration licence A2 training\u00a0<\/h1>\n<h3 class=\"wp-block-heading\">5-t\u00e4giger Pr\u00e4senzkurs mit Theorie, Praxis und Pr\u00fcfung<\/h3>\n<p><!-- \/wp:heading --><!-- wp:paragraph --><\/p>\n<p><strong>1. conclusion of contract &amp; liability<\/strong><\/p>\n<p>By submitting the online registration form, you make a binding booking for a place on the course. You will receive a registration confirmation by e-mail.<\/p>\n<p><strong>2. target group &amp; requirements<\/strong><\/p>\n<p>Persons with one of the following qualifications are eligible to participate: - Completed training in the electrical trade with HWK qualification - Completed training in a technical, related profession with IHK qualification - Commercial-technical or craft training with at least 2 years of professional experience in the above-mentioned professional fields (proof of activity required) - In addition: Minimum age 18 years, sufficient knowledge of German. The requirements of the training partner apply to the examination.<\/p>\n<p><strong>3. scope of services<\/strong><\/p>\n<p>Seminar an 5 Tagen mit Theorie &amp; Praxis, Kursunterlagen, Teilnahme an der Pr\u00fcfung, Wiederholungsgeb\u00fchren bei Nichtbestehen k\u00f6nnen gesondert anfallen.<\/p>\n<p><strong>4. Veranstaltungsort<\/strong><\/p>\n<p>Midea HVAC Academy, Ludwig-Erhard-Stra\u00dfe 14, 65760 Eschborn<\/p>\n<p><strong>5. Preis &amp; Zahlung<\/strong><\/p>\n<p>Course fee: 1,949 \u20ac plus 19% VAT (instead of 2,249 \u20ac plus 19% VAT) Invoice after confirmation. After successful registration, a deposit of 50 % of the course fee is due. This is to be paid within 7 days of invoicing.<br \/>The remaining 50 % of the course fee is due no later than 14 days before the start of the course. The receipt of payment by the organiser is decisive for the timeliness of payment. Participation may be refused in the event of late payment.<\/p>\n<p><strong>6. Gutschein-Bonus (Midea)<\/strong><\/p>\n<p>800 \u20ac Warengutschein f\u00fcr Midea Klimaanlagen im AKKU SYS Shop, g\u00fcltig f\u00fcr 3 Monate ab Teilnahme an der Schulung. Nicht \u00fcbertragbar, keine Barauszahlung, nicht mit anderen Aktionen kombinierbar.<\/p>\n<p><strong>7. Absage\/\u00c4nderung durch Veranstalter<\/strong><\/p>\n<p>The course may be postponed or cancelled in the event of force majeure, illness of the instructor or an insufficient number of participants. Fees already paid will be refunded; further claims (e.g. travel\/hotel costs) are excluded.<\/p>\n<p><strong>8. Zertifikat<\/strong><\/p>\n<p>The certificate of competence A2 is issued by the training partner after passing the theoretical and practical examination. No entitlement to certificate without passing.<\/p>\n<p><strong>9. Datenweitergabe an Schulungspartner<\/strong><\/p>\n<p>Your registration data will be transmitted to the Bundesfachschule K\u00e4lte-Klima-Technik (Art. 6 para. 1 b GDPR). For details see data protection information.<\/p>\n<p><strong>10. Kontakt f\u00fcr Storno\/Fragen<\/strong><\/p>\n<p>Please send an e-mail to: solarb2b@akkusys.de<\/p>\n<p><!-- \/wp:paragraph --><\/p>\n<p>\u00a0<\/p>\n<p><!-- \/wp:paragraph --><\/p>\t\t\t\t\t\t\t\t<\/div>\n\t\t\t\t<\/div>\n\t\t\t\t\t<\/div>\n\t\t\t\t<\/div>\n\t\t\t\t<\/div>","protected":false},"excerpt":{"rendered":"<p>Teilnahmebedingungen K\u00e4lteschein A2 Schulung\u00a0 5-t\u00e4giger Pr\u00e4senzkurs mit Theorie, Praxis und Pr\u00fcfung 1. Vertragsschluss &amp; Verbindlichkeit Mit Absenden der Online-Anmeldung buchen Sie verbindlich einen Teilnehmerplatz. Sie erhalten eine Anmeldebest\u00e4tigung per E-Mail. 2. Zielgruppe &amp; Voraussetzungen Teilnahmeberechtigt sind Personen mit einer der folgenden Qualifikationen: \u2022 Abgeschlossene Ausbildung im Elektro-Handwerk mit HWK-Abschluss \u2022 Abgeschlossene Ausbildung in einem technischen, [&hellip;]<\/p>","protected":false},"author":46,"featured_media":0,"parent":0,"menu_order":0,"comment_status":"closed","ping_status":"closed","template":"","meta":{"footnotes":""},"class_list":["post-18017","page","type-page","status-publish","hentry"],"_links":{"self":[{"href":"https:\/\/akkusys.de\/en\/wp-json\/wp\/v2\/pages\/18017","targetHints":{"allow":["GET"]}}],"collection":[{"href":"https:\/\/akkusys.de\/en\/wp-json\/wp\/v2\/pages"}],"about":[{"href":"https:\/\/akkusys.de\/en\/wp-json\/wp\/v2\/types\/page"}],"author":[{"embeddable":true,"href":"https:\/\/akkusys.de\/en\/wp-json\/wp\/v2\/users\/46"}],"replies":[{"embeddable":true,"href":"https:\/\/akkusys.de\/en\/wp-json\/wp\/v2\/comments?post=18017"}],"version-history":[{"count":7,"href":"https:\/\/akkusys.de\/en\/wp-json\/wp\/v2\/pages\/18017\/revisions"}],"predecessor-version":[{"id":18028,"href":"https:\/\/akkusys.de\/en\/wp-json\/wp\/v2\/pages\/18017\/revisions\/18028"}],"wp:attachment":[{"href":"https:\/\/akkusys.de\/en\/wp-json\/wp\/v2\/media?parent=18017"}],"curies":[{"name":"wp","href":"https:\/\/api.w.org\/{rel}","templated":true}]}}