{"id":289,"date":"2021-01-15T08:29:42","date_gmt":"2021-01-15T07:29:42","guid":{"rendered":"https:\/\/akkusys.de\/?page_id=289"},"modified":"2025-07-31T14:57:20","modified_gmt":"2025-07-31T12:57:20","slug":"waste-lead-disposal","status":"publish","type":"page","link":"https:\/\/akkusys.de\/en\/waste-lead-disposal\/","title":{"rendered":"Recycling"},"content":{"rendered":"<div data-elementor-type=\"wp-page\" data-elementor-id=\"289\" class=\"elementor elementor-289\" data-elementor-post-type=\"page\">\n\t\t\t\t<section data-particle_enable=\"false\" data-particle-mobile-disabled=\"false\" class=\"elementor-element elementor-element-4174458 e-flex e-con-boxed e-con e-parent\" data-id=\"4174458\" data-element_type=\"container\" data-settings=\"{&quot;background_background&quot;:&quot;classic&quot;}\">\n\t\t\t\t\t<div class=\"e-con-inner\">\n\t\t<div data-particle_enable=\"false\" data-particle-mobile-disabled=\"false\" class=\"elementor-element elementor-element-8211165 e-con-full e-flex e-con e-child\" data-id=\"8211165\" data-element_type=\"container\">\n\t\t\t\t<div class=\"elementor-element elementor-element-592ad73 elementor-widget elementor-widget-heading\" data-id=\"592ad73\" data-element_type=\"widget\" data-widget_type=\"heading.default\">\n\t\t\t\t\t<h1 class=\"elementor-heading-title elementor-size-default\">Recycling<\/h1>\t\t\t\t<\/div>\n\t\t\t\t<div class=\"elementor-element elementor-element-c29ee03 elementor-widget elementor-widget-heading\" data-id=\"c29ee03\" data-element_type=\"widget\" data-widget_type=\"heading.default\">\n\t\t\t\t\t<h2 class=\"elementor-heading-title elementor-size-default\">Professional disposal of old lead<\/h2>\t\t\t\t<\/div>\n\t\t\t\t<div class=\"elementor-element elementor-element-9095f41 elementor-widget elementor-widget-text-editor\" data-id=\"9095f41\" data-element_type=\"widget\" data-widget_type=\"text-editor.default\">\n\t\t\t\t\t\t\t\t\t<p>We take care of the certified and professional disposal of all types of batteries. In most cases, the raw materials can even be completely recycled.<\/p><p>We will collect your old lead-acid battery from you (free of charge throughout Germany from 250kg). Depending on the weight, we will be happy to make you a payment offer.<\/p><p>Talk to us! Our competent and friendly team is at your disposal from Monday to Friday between 8.00 am and 5.00 pm!<\/p>\t\t\t\t\t\t\t\t<\/div>\n\t\t\t\t<div class=\"elementor-element elementor-element-21e0dd7 elementor-list-item-link-inline elementor-icon-list--layout-traditional elementor-widget elementor-widget-icon-list\" data-id=\"21e0dd7\" data-element_type=\"widget\" data-widget_type=\"icon-list.default\">\n\t\t\t\t\t\t\t<ul class=\"elementor-icon-list-items\">\n\t\t\t\t\t\t\t<li class=\"elementor-icon-list-item\">\n\t\t\t\t\t\t\t\t\t\t\t<a href=\"mailto:info@akkusys.de\" target=\"_blank\">\n\n\t\t\t\t\t\t\t\t\t\t\t\t<span class=\"elementor-icon-list-icon\">\n\t\t\t\t\t\t\t<svg xmlns=\"http:\/\/www.w3.org\/2000\/svg\" xmlns:xlink=\"http:\/\/www.w3.org\/1999\/xlink\" id=\"Capa_1\" x=\"0px\" y=\"0px\" viewbox=\"0 0 512 512\" style=\"enable-background:new 0 0 512 512;\" xml:space=\"preserve\"><g>\t<g>\t\t<polygon points=\"339.392,258.624 512,367.744 512,144.896   \"><\/polygon>\t<\/g><\/g><g>\t<g>\t\t<polygon points=\"0,144.896 0,367.744 172.608,258.624   \"><\/polygon>\t<\/g><\/g><g>\t<g>\t\t<path d=\"M480,80H32C16.032,80,3.36,91.904,0.96,107.232L256,275.264l255.04-168.032C508.64,91.904,495.968,80,480,80z\"><\/path>\t<\/g><\/g><g>\t<g>\t\t<path d=\"M310.08,277.952l-45.28,29.824c-2.688,1.76-5.728,2.624-8.8,2.624c-3.072,0-6.112-0.864-8.8-2.624l-45.28-29.856   L1.024,404.992C3.488,420.192,16.096,432,32,432h448c15.904,0,28.512-11.808,30.976-27.008L310.08,277.952z\"><\/path>\t<\/g><\/g><g><\/g><g><\/g><g><\/g><g><\/g><g><\/g><g><\/g><g><\/g><g><\/g><g><\/g><g><\/g><g><\/g><g><\/g><g><\/g><g><\/g><g><\/g><\/svg>\t\t\t\t\t\t<\/span>\n\t\t\t\t\t\t\t\t\t\t<span class=\"elementor-icon-list-text\">info@akkusys.de<\/span>\n\t\t\t\t\t\t\t\t\t\t\t<\/a>\n\t\t\t\t\t\t\t\t\t<\/li>\n\t\t\t\t\t\t\t\t<li class=\"elementor-icon-list-item\">\n\t\t\t\t\t\t\t\t\t\t\t<a href=\"tel:+494101376760\" target=\"_blank\">\n\n\t\t\t\t\t\t\t\t\t\t\t\t<span class=\"elementor-icon-list-icon\">\n\t\t\t\t\t\t\t<svg xmlns=\"http:\/\/www.w3.org\/2000\/svg\" xmlns:xlink=\"http:\/\/www.w3.org\/1999\/xlink\" id=\"Capa_1\" x=\"0px\" y=\"0px\" viewbox=\"0 0 480.56 480.56\" style=\"enable-background:new 0 0 480.56 480.56;\" xml:space=\"preserve\"><g>\t<g>\t\t<path d=\"M365.354,317.9c-15.7-15.5-35.3-15.5-50.9,0c-11.9,11.8-23.8,23.6-35.5,35.6c-3.2,3.3-5.9,4-9.8,1.8   c-7.7-4.2-15.9-7.6-23.3-12.2c-34.5-21.7-63.4-49.6-89-81c-12.7-15.6-24-32.3-31.9-51.1c-1.6-3.8-1.3-6.3,1.8-9.4   c11.9-11.5,23.5-23.3,35.2-35.1c16.3-16.4,16.3-35.6-0.1-52.1c-9.3-9.4-18.6-18.6-27.9-28c-9.6-9.6-19.1-19.3-28.8-28.8   c-15.7-15.3-35.3-15.3-50.9,0.1c-12,11.8-23.5,23.9-35.7,35.5c-11.3,10.7-17,23.8-18.2,39.1c-1.9,24.9,4.2,48.4,12.8,71.3   c17.6,47.4,44.4,89.5,76.9,128.1c43.9,52.2,96.3,93.5,157.6,123.3c27.6,13.4,56.2,23.7,87.3,25.4c21.4,1.2,40-4.2,54.9-20.9   c10.2-11.4,21.7-21.8,32.5-32.7c16-16.2,16.1-35.8,0.2-51.8C403.554,355.9,384.454,336.9,365.354,317.9z\"><\/path>\t\t<path d=\"M346.254,238.2l36.9-6.3c-5.8-33.9-21.8-64.6-46.1-89c-25.7-25.7-58.2-41.9-94-46.9l-5.2,37.1   c27.7,3.9,52.9,16.4,72.8,36.3C329.454,188.2,341.754,212,346.254,238.2z\"><\/path>\t\t<path d=\"M403.954,77.8c-42.6-42.6-96.5-69.5-156-77.8l-5.2,37.1c51.4,7.2,98,30.5,134.8,67.2c34.9,34.9,57.8,79,66.1,127.5   l36.9-6.3C470.854,169.3,444.354,118.3,403.954,77.8z\"><\/path>\t<\/g><\/g><g><\/g><g><\/g><g><\/g><g><\/g><g><\/g><g><\/g><g><\/g><g><\/g><g><\/g><g><\/g><g><\/g><g><\/g><g><\/g><g><\/g><g><\/g><\/svg>\t\t\t\t\t\t<\/span>\n\t\t\t\t\t\t\t\t\t\t<span class=\"elementor-icon-list-text\">+49 4101 37676-0<\/span>\n\t\t\t\t\t\t\t\t\t\t\t<\/a>\n\t\t\t\t\t\t\t\t\t<\/li>\n\t\t\t\t\t\t\t\t<li class=\"elementor-icon-list-item\">\n\t\t\t\t\t\t\t\t\t\t\t<a href=\"tel:+4941018547566\" target=\"_blank\">\n\n\t\t\t\t\t\t\t\t\t\t\t\t<span class=\"elementor-icon-list-icon\">\n\t\t\t\t\t\t\t<svg aria-hidden=\"true\" class=\"e-font-icon-svg e-fas-fax\" viewbox=\"0 0 512 512\" xmlns=\"http:\/\/www.w3.org\/2000\/svg\"><path d=\"M480 160V77.25a32 32 0 0 0-9.38-22.63L425.37 9.37A32 32 0 0 0 402.75 0H160a32 32 0 0 0-32 32v448a32 32 0 0 0 32 32h320a32 32 0 0 0 32-32V192a32 32 0 0 0-32-32zM288 432a16 16 0 0 1-16 16h-32a16 16 0 0 1-16-16v-32a16 16 0 0 1 16-16h32a16 16 0 0 1 16 16zm0-128a16 16 0 0 1-16 16h-32a16 16 0 0 1-16-16v-32a16 16 0 0 1 16-16h32a16 16 0 0 1 16 16zm128 128a16 16 0 0 1-16 16h-32a16 16 0 0 1-16-16v-32a16 16 0 0 1 16-16h32a16 16 0 0 1 16 16zm0-128a16 16 0 0 1-16 16h-32a16 16 0 0 1-16-16v-32a16 16 0 0 1 16-16h32a16 16 0 0 1 16 16zm0-112H192V64h160v48a16 16 0 0 0 16 16h48zM64 128H32a32 32 0 0 0-32 32v320a32 32 0 0 0 32 32h32a32 32 0 0 0 32-32V160a32 32 0 0 0-32-32z\"><\/path><\/svg>\t\t\t\t\t\t<\/span>\n\t\t\t\t\t\t\t\t\t\t<span class=\"elementor-icon-list-text\">+49 4101 37676-0<\/span>\n\t\t\t\t\t\t\t\t\t\t\t<\/a>\n\t\t\t\t\t\t\t\t\t<\/li>\n\t\t\t\t\t\t<\/ul>\n\t\t\t\t\t\t<\/div>\n\t\t\t\t<\/div>\n\t\t<div data-particle_enable=\"false\" data-particle-mobile-disabled=\"false\" class=\"elementor-element elementor-element-dfb732b e-con-full elementor-hidden-tablet elementor-hidden-mobile e-flex e-con e-child\" data-id=\"dfb732b\" data-element_type=\"container\">\n\t\t\t\t<div class=\"elementor-element elementor-element-8432cdd elementor-hidden-tablet elementor-hidden-mobile elementor-widget elementor-widget-image\" data-id=\"8432cdd\" data-element_type=\"widget\" data-widget_type=\"image.default\">\n\t\t\t\t\t\t\t\t\t\t\t\t\t\t\t<img fetchpriority=\"high\" decoding=\"async\" width=\"800\" height=\"800\" src=\"https:\/\/akkusys.de\/wp-content\/uploads\/environment-recycling.png\" class=\"attachment-large size-large wp-image-16297\" alt=\"\" srcset=\"https:\/\/akkusys.de\/wp-content\/uploads\/environment-recycling.png 1024w, https:\/\/akkusys.de\/wp-content\/uploads\/environment-recycling-300x300.png 300w, https:\/\/akkusys.de\/wp-content\/uploads\/environment-recycling-150x150.png 150w, https:\/\/akkusys.de\/wp-content\/uploads\/environment-recycling-768x768.png 768w, https:\/\/akkusys.de\/wp-content\/uploads\/environment-recycling-12x12.png 12w\" sizes=\"(max-width: 800px) 100vw, 800px\" \/>\t\t\t\t\t\t\t\t\t\t\t\t\t\t\t<\/div>\n\t\t\t\t<\/div>\n\t\t\t\t\t<\/div>\n\t\t\t\t<\/section>\n\t\t\t\t<\/div>","protected":false},"excerpt":{"rendered":"<p>Fachgerechte Entsorgung von Altblei Wir k\u00fcmmern uns um die zertifizierte und fachgerechte Entsorgung von s\u00e4mtlichen Batterietypen. In den meisten F\u00e4llen k\u00f6nnen die Rohstoffe sogar vollst\u00e4ndig recycelt werden. Wir holen Ihre alte Blei-Batterie bei Ihnen ab (ab 250kg deutschlandweit kostenlos). In Abh\u00e4ngigkeit vom Gewicht machen wir Ihnen gern ein Verg\u00fctungsangebot. Sprechen Sie uns an! Unser kompetentes [&hellip;]<\/p>","protected":false},"author":6,"featured_media":0,"parent":0,"menu_order":8,"comment_status":"closed","ping_status":"closed","template":"","meta":{"footnotes":""},"class_list":["post-289","page","type-page","status-publish","hentry"],"_links":{"self":[{"href":"https:\/\/akkusys.de\/en\/wp-json\/wp\/v2\/pages\/289","targetHints":{"allow":["GET"]}}],"collection":[{"href":"https:\/\/akkusys.de\/en\/wp-json\/wp\/v2\/pages"}],"about":[{"href":"https:\/\/akkusys.de\/en\/wp-json\/wp\/v2\/types\/page"}],"author":[{"embeddable":true,"href":"https:\/\/akkusys.de\/en\/wp-json\/wp\/v2\/users\/6"}],"replies":[{"embeddable":true,"href":"https:\/\/akkusys.de\/en\/wp-json\/wp\/v2\/comments?post=289"}],"version-history":[{"count":3,"href":"https:\/\/akkusys.de\/en\/wp-json\/wp\/v2\/pages\/289\/revisions"}],"predecessor-version":[{"id":16363,"href":"https:\/\/akkusys.de\/en\/wp-json\/wp\/v2\/pages\/289\/revisions\/16363"}],"wp:attachment":[{"href":"https:\/\/akkusys.de\/en\/wp-json\/wp\/v2\/media?parent=289"}],"curies":[{"name":"wp","href":"https:\/\/api.w.org\/{rel}","templated":true}]}}