{"id":413,"date":"2021-01-18T13:37:45","date_gmt":"2021-01-18T12:37:45","guid":{"rendered":"https:\/\/akkusys.de\/?page_id=413"},"modified":"2025-07-31T14:53:20","modified_gmt":"2025-07-31T12:53:20","slug":"cable-assembly","status":"publish","type":"page","link":"https:\/\/akkusys.de\/en\/cable-assembly\/","title":{"rendered":"Cable assembly"},"content":{"rendered":"<div data-elementor-type=\"wp-page\" data-elementor-id=\"413\" class=\"elementor elementor-413\" data-elementor-post-type=\"page\">\n\t\t\t\t<section data-particle_enable=\"false\" data-particle-mobile-disabled=\"false\" class=\"elementor-element elementor-element-07653bb e-flex e-con-boxed e-con e-parent\" data-id=\"07653bb\" data-element_type=\"container\" data-settings=\"{&quot;background_background&quot;:&quot;classic&quot;}\">\n\t\t\t\t\t<div class=\"e-con-inner\">\n\t\t<div data-particle_enable=\"false\" data-particle-mobile-disabled=\"false\" class=\"elementor-element elementor-element-a89bd68 e-con-full e-flex e-con e-child\" data-id=\"a89bd68\" data-element_type=\"container\">\n\t\t\t\t<div class=\"elementor-element elementor-element-a0861c1 elementor-widget elementor-widget-heading\" data-id=\"a0861c1\" data-element_type=\"widget\" data-widget_type=\"heading.default\">\n\t\t\t\t\t<h1 class=\"elementor-heading-title elementor-size-default\">Cable assembly<\/h1>\t\t\t\t<\/div>\n\t\t\t\t<div class=\"elementor-element elementor-element-489cb28 elementor-widget elementor-widget-heading\" data-id=\"489cb28\" data-element_type=\"widget\" data-widget_type=\"heading.default\">\n\t\t\t\t\t<h2 class=\"elementor-heading-title elementor-size-default\">Customised cables for your application<\/h2>\t\t\t\t<\/div>\n\t\t\t\t<div class=\"elementor-element elementor-element-f06a363 elementor-hidden-desktop elementor-widget elementor-widget-image\" data-id=\"f06a363\" data-element_type=\"widget\" data-widget_type=\"image.default\">\n\t\t\t\t\t\t\t\t\t\t\t\t\t\t\t<img fetchpriority=\"high\" decoding=\"async\" width=\"671\" height=\"1024\" src=\"https:\/\/akkusys.de\/wp-content\/uploads\/2021\/01\/kabelkonfektioneirung-1-671x1024.png\" class=\"attachment-large size-large wp-image-507\" alt=\"Customised cable assembly\" srcset=\"https:\/\/akkusys.de\/wp-content\/uploads\/2021\/01\/kabelkonfektioneirung-1-671x1024.png 671w, https:\/\/akkusys.de\/wp-content\/uploads\/2021\/01\/kabelkonfektioneirung-1-197x300.png 197w, https:\/\/akkusys.de\/wp-content\/uploads\/2021\/01\/kabelkonfektioneirung-1-768x1172.png 768w, https:\/\/akkusys.de\/wp-content\/uploads\/2021\/01\/kabelkonfektioneirung-1-49x75.png 49w, https:\/\/akkusys.de\/wp-content\/uploads\/2021\/01\/kabelkonfektioneirung-1-480x732.png 480w, https:\/\/akkusys.de\/wp-content\/uploads\/2021\/01\/kabelkonfektioneirung-1.png 780w\" sizes=\"(max-width: 671px) 100vw, 671px\" \/>\t\t\t\t\t\t\t\t\t\t\t\t\t\t\t<\/div>\n\t\t\t\t<div class=\"elementor-element elementor-element-32e0b31 elementor-widget elementor-widget-text-editor\" data-id=\"32e0b31\" data-element_type=\"widget\" data-widget_type=\"text-editor.default\">\n\t\t\t\t\t\t\t\t\t<p>Whether processing electromechanical components, connectors, rechargeable batteries and batteries - we specialise in individual cable assemblies. Because only with the right cable can all systems function smoothly. We are a competent manufacturing partner and service provider for the new development and design of all cable assemblies required for your applications.<br \/><br \/>We manufacture in-house and co-operate with production facilities in Germany, Eastern Europe and the Far East. This network of diverse locations gives us a decisive edge on the market.<\/p>\t\t\t\t\t\t\t\t<\/div>\n\t\t\t\t<\/div>\n\t\t<div data-particle_enable=\"false\" data-particle-mobile-disabled=\"false\" class=\"elementor-element elementor-element-9c19c70 e-con-full elementor-hidden-tablet elementor-hidden-mobile e-flex e-con e-child\" data-id=\"9c19c70\" data-element_type=\"container\">\n\t\t\t\t<div class=\"elementor-element elementor-element-4cfaa55 elementor-widget elementor-widget-image\" data-id=\"4cfaa55\" data-element_type=\"widget\" id=\"konfekt-kabel\" data-widget_type=\"image.default\">\n\t\t\t\t\t\t\t\t\t\t\t\t\t\t\t<img decoding=\"async\" width=\"780\" height=\"1000\" src=\"https:\/\/akkusys.de\/wp-content\/uploads\/kabel-konfektion-nach-mass.jpg\" class=\"attachment-large size-large wp-image-16348\" alt=\"Cable assembly\" srcset=\"https:\/\/akkusys.de\/wp-content\/uploads\/kabel-konfektion-nach-mass.jpg 780w, https:\/\/akkusys.de\/wp-content\/uploads\/kabel-konfektion-nach-mass-234x300.jpg 234w, https:\/\/akkusys.de\/wp-content\/uploads\/kabel-konfektion-nach-mass-768x985.jpg 768w, https:\/\/akkusys.de\/wp-content\/uploads\/kabel-konfektion-nach-mass-9x12.jpg 9w\" sizes=\"(max-width: 780px) 100vw, 780px\" \/>\t\t\t\t\t\t\t\t\t\t\t\t\t\t\t<\/div>\n\t\t\t\t<\/div>\n\t\t\t\t\t<\/div>\n\t\t\t\t<\/section>\n\t\t<section data-particle_enable=\"false\" data-particle-mobile-disabled=\"false\" class=\"elementor-element elementor-element-129aaf1 e-flex e-con-boxed e-con e-parent\" data-id=\"129aaf1\" data-element_type=\"container\" data-settings=\"{&quot;background_background&quot;:&quot;classic&quot;}\">\n\t\t\t\t\t<div class=\"e-con-inner\">\n\t\t\t\t<div class=\"elementor-element elementor-element-a0c40fa elementor-widget elementor-widget-heading\" data-id=\"a0c40fa\" data-element_type=\"widget\" data-widget_type=\"heading.default\">\n\t\t\t\t\t<h2 class=\"elementor-heading-title elementor-size-default\">Reliable quality is our top priority<\/h2>\t\t\t\t<\/div>\n\t\t\t\t<div class=\"elementor-element elementor-element-d9798ad elementor-widget elementor-widget-heading\" data-id=\"d9798ad\" data-element_type=\"widget\" data-widget_type=\"heading.default\">\n\t\t\t\t\t<h3 class=\"elementor-heading-title elementor-size-default\">This is why almost all of our partners are ISO 9001:2008 certified.<\/h3>\t\t\t\t<\/div>\n\t\t\t\t<div class=\"elementor-element elementor-element-c4d1e77 elementor-widget elementor-widget-text-editor\" data-id=\"c4d1e77\" data-element_type=\"widget\" data-widget_type=\"text-editor.default\">\n\t\t\t\t\t\t\t\t\t<p class=\"translation-block\">For special requirements, we naturally also have partners in accordance with <strong>TS 16949 &amp; ISO14000<\/strong>.<br><br>Our international network makes us particularly flexible and efficient. From sample series and small batches to large quantities - we deliver to all industries and for every application. The processing of Molex, JST, Hirose, Tyco\/AMP (TE) and various other components is also a matter of course for us.<br><br>Benefit from our expertise and many years of experience. Outsource your cable assembly and put your trust in our specialists.<\/p>\t\t\t\t\t\t\t\t<\/div>\n\t\t\t\t\t<\/div>\n\t\t\t\t<\/section>\n\t\t<section data-particle_enable=\"false\" data-particle-mobile-disabled=\"false\" class=\"elementor-element elementor-element-1bbeedc e-flex e-con-boxed e-con e-parent\" data-id=\"1bbeedc\" data-element_type=\"container\" data-settings=\"{&quot;shape_divider_top&quot;:&quot;pyramids&quot;}\">\n\t\t\t\t\t<div class=\"e-con-inner\">\n\t\t\t\t<div class=\"elementor-shape elementor-shape-top\" aria-hidden=\"true\" data-negative=\"false\">\n\t\t\t<svg xmlns=\"http:\/\/www.w3.org\/2000\/svg\" viewbox=\"0 0 1000 100\" preserveaspectratio=\"none\">\n\t<path class=\"elementor-shape-fill\" d=\"M761.9,44.1L643.1,27.2L333.8,98L0,3.8V0l1000,0v3.9\"\/>\n<\/svg>\t\t<\/div>\n\t\t\t\t<div class=\"elementor-element elementor-element-e52da98 elementor-widget elementor-widget-heading\" data-id=\"e52da98\" data-element_type=\"widget\" data-widget_type=\"heading.default\">\n\t\t\t\t\t<h2 class=\"elementor-heading-title elementor-size-default\">You can rely on it<\/h2>\t\t\t\t<\/div>\n\t\t\t\t<div class=\"elementor-element elementor-element-3b16238 elementor-widget elementor-widget-eael-feature-list\" data-id=\"3b16238\" data-element_type=\"widget\" data-widget_type=\"eael-feature-list.default\">\n\t\t\t\t\t\t\t<div class=\"-icon-position-left -tablet-icon-position-left -mobile-icon-position-left\">\n\t\t\t<ul id=\"eael-feature-list-3b16238\" class=\"eael-feature-list-items circle stacked  eael-feature-list-vertical\" data-layout-tablet=\"vertical\" data-layout-mobile=\"vertical\">\n\t\t\t                <li class=\"eael-feature-list-item elementor-repeater-item-dd411b4\">\n                    \n\t\t\t\t\t\t<div class=\"eael-feature-list-icon-box\">\n\t\t\t\t\t\t\t<div class=\"eael-feature-list-icon-inner\">\n\n\t\t\t\t\t\t\t\t<span class=\"eael-feature-list-icon fl-icon-0\">\n\n\t\t<svg aria-hidden=\"true\" class=\"e-font-icon-svg e-fas-check\" viewbox=\"0 0 512 512\" xmlns=\"http:\/\/www.w3.org\/2000\/svg\"><path d=\"M173.898 439.404l-166.4-166.4c-9.997-9.997-9.997-26.206 0-36.204l36.203-36.204c9.997-9.998 26.207-9.998 36.204 0L192 312.69 432.095 72.596c9.997-9.997 26.207-9.997 36.204 0l36.203 36.204c9.997 9.997 9.997 26.206 0 36.204l-294.4 294.401c-9.998 9.997-26.207 9.997-36.204-.001z\"><\/path><\/svg>\t\t\t\t\t\t\t\t<\/span>\n\t\t\t\t\t\t\t<\/div>\n\t\t\t\t\t\t<\/div>\n\t\t\t\t\t\t<div class=\"eael-feature-list-content-box\">\n                            <h3 class=\"eael-feature-list-title\">First-class quality<\/h3>\t\t\t\t\t\t<p class=\"eael-feature-list-content\"><\/p>\n\t\t\t\t\t\t<\/div>\n\n\t\t\t\t\t<\/li>\n\t\t\t\t                <li class=\"eael-feature-list-item elementor-repeater-item-280b79a\">\n                    \n\t\t\t\t\t\t<div class=\"eael-feature-list-icon-box\">\n\t\t\t\t\t\t\t<div class=\"eael-feature-list-icon-inner\">\n\n\t\t\t\t\t\t\t\t<span class=\"eael-feature-list-icon fl-icon-1\">\n\n\t\t<svg aria-hidden=\"true\" class=\"e-font-icon-svg e-fas-check\" viewbox=\"0 0 512 512\" xmlns=\"http:\/\/www.w3.org\/2000\/svg\"><path d=\"M173.898 439.404l-166.4-166.4c-9.997-9.997-9.997-26.206 0-36.204l36.203-36.204c9.997-9.998 26.207-9.998 36.204 0L192 312.69 432.095 72.596c9.997-9.997 26.207-9.997 36.204 0l36.203 36.204c9.997 9.997 9.997 26.206 0 36.204l-294.4 294.401c-9.998 9.997-26.207 9.997-36.204-.001z\"><\/path><\/svg>\t\t\t\t\t\t\t\t<\/span>\n\t\t\t\t\t\t\t<\/div>\n\t\t\t\t\t\t<\/div>\n\t\t\t\t\t\t<div class=\"eael-feature-list-content-box\">\n                            <h3 class=\"eael-feature-list-title\">Optimum price-performance ratio<\/h3>\t\t\t\t\t\t<p class=\"eael-feature-list-content\"><\/p>\n\t\t\t\t\t\t<\/div>\n\n\t\t\t\t\t<\/li>\n\t\t\t\t                <li class=\"eael-feature-list-item elementor-repeater-item-640fa3c\">\n                    \n\t\t\t\t\t\t<div class=\"eael-feature-list-icon-box\">\n\t\t\t\t\t\t\t<div class=\"eael-feature-list-icon-inner\">\n\n\t\t\t\t\t\t\t\t<span class=\"eael-feature-list-icon fl-icon-2\">\n\n\t\t<svg aria-hidden=\"true\" class=\"e-font-icon-svg e-fas-check\" viewbox=\"0 0 512 512\" xmlns=\"http:\/\/www.w3.org\/2000\/svg\"><path d=\"M173.898 439.404l-166.4-166.4c-9.997-9.997-9.997-26.206 0-36.204l36.203-36.204c9.997-9.998 26.207-9.998 36.204 0L192 312.69 432.095 72.596c9.997-9.997 26.207-9.997 36.204 0l36.203 36.204c9.997 9.997 9.997 26.206 0 36.204l-294.4 294.401c-9.998 9.997-26.207 9.997-36.204-.001z\"><\/path><\/svg>\t\t\t\t\t\t\t\t<\/span>\n\t\t\t\t\t\t\t<\/div>\n\t\t\t\t\t\t<\/div>\n\t\t\t\t\t\t<div class=\"eael-feature-list-content-box\">\n                            <h3 class=\"eael-feature-list-title\">Reliable and fast delivery<\/h3>\t\t\t\t\t\t<p class=\"eael-feature-list-content\"><\/p>\n\t\t\t\t\t\t<\/div>\n\n\t\t\t\t\t<\/li>\n\t\t\t\t                <li class=\"eael-feature-list-item elementor-repeater-item-7266fc7\">\n                    \n\t\t\t\t\t\t<div class=\"eael-feature-list-icon-box\">\n\t\t\t\t\t\t\t<div class=\"eael-feature-list-icon-inner\">\n\n\t\t\t\t\t\t\t\t<span class=\"eael-feature-list-icon fl-icon-3\">\n\n\t\t<svg aria-hidden=\"true\" class=\"e-font-icon-svg e-fas-check\" viewbox=\"0 0 512 512\" xmlns=\"http:\/\/www.w3.org\/2000\/svg\"><path d=\"M173.898 439.404l-166.4-166.4c-9.997-9.997-9.997-26.206 0-36.204l36.203-36.204c9.997-9.998 26.207-9.998 36.204 0L192 312.69 432.095 72.596c9.997-9.997 26.207-9.997 36.204 0l36.203 36.204c9.997 9.997 9.997 26.206 0 36.204l-294.4 294.401c-9.998 9.997-26.207 9.997-36.204-.001z\"><\/path><\/svg>\t\t\t\t\t\t\t\t<\/span>\n\t\t\t\t\t\t\t<\/div>\n\t\t\t\t\t\t<\/div>\n\t\t\t\t\t\t<div class=\"eael-feature-list-content-box\">\n                            <h3 class=\"eael-feature-list-title\">Unlimited flexibility for customer requests<\/h3>\t\t\t\t\t\t<p class=\"eael-feature-list-content\"><\/p>\n\t\t\t\t\t\t<\/div>\n\n\t\t\t\t\t<\/li>\n\t\t\t\t                <li class=\"eael-feature-list-item elementor-repeater-item-90d14d0\">\n                    \n\t\t\t\t\t\t<div class=\"eael-feature-list-icon-box\">\n\t\t\t\t\t\t\t<div class=\"eael-feature-list-icon-inner\">\n\n\t\t\t\t\t\t\t\t<span class=\"eael-feature-list-icon fl-icon-4\">\n\n\t\t<svg aria-hidden=\"true\" class=\"e-font-icon-svg e-fas-check\" viewbox=\"0 0 512 512\" xmlns=\"http:\/\/www.w3.org\/2000\/svg\"><path d=\"M173.898 439.404l-166.4-166.4c-9.997-9.997-9.997-26.206 0-36.204l36.203-36.204c9.997-9.998 26.207-9.998 36.204 0L192 312.69 432.095 72.596c9.997-9.997 26.207-9.997 36.204 0l36.203 36.204c9.997 9.997 9.997 26.206 0 36.204l-294.4 294.401c-9.998 9.997-26.207 9.997-36.204-.001z\"><\/path><\/svg>\t\t\t\t\t\t\t\t<\/span>\n\t\t\t\t\t\t\t<\/div>\n\t\t\t\t\t\t<\/div>\n\t\t\t\t\t\t<div class=\"eael-feature-list-content-box\">\n                            <h3 class=\"eael-feature-list-title\">Logistics service according to your requirements (KanBan, Konsi, barcodes, quality agreements, warehouse stocking, etc.)<\/h3>\t\t\t\t\t\t<p class=\"eael-feature-list-content\"><\/p>\n\t\t\t\t\t\t<\/div>\n\n\t\t\t\t\t<\/li>\n\t\t\t\t\t\t\t<\/ul>\n\t\t<\/div>\n\t\t\t\t\t\t<\/div>\n\t\t\t\t\t<\/div>\n\t\t\t\t<\/section>\n\t\t<section data-particle_enable=\"false\" data-particle-mobile-disabled=\"false\" class=\"elementor-element elementor-element-e43ced4 e-flex e-con-boxed e-con e-parent\" data-id=\"e43ced4\" data-element_type=\"container\" data-settings=\"{&quot;background_background&quot;:&quot;classic&quot;}\">\n\t\t\t\t\t<div class=\"e-con-inner\">\n\t\t<div data-particle_enable=\"false\" data-particle-mobile-disabled=\"false\" class=\"elementor-element elementor-element-6e9a8be e-con-full e-flex e-con e-child\" data-id=\"6e9a8be\" data-element_type=\"container\">\n\t\t\t\t<div class=\"elementor-element elementor-element-5d090da elementor-widget elementor-widget-heading\" data-id=\"5d090da\" data-element_type=\"widget\" data-widget_type=\"heading.default\">\n\t\t\t\t\t<h3 class=\"elementor-heading-title elementor-size-default\">Give us a call on :<\/h3>\t\t\t\t<\/div>\n\t\t<div data-particle_enable=\"false\" data-particle-mobile-disabled=\"false\" class=\"elementor-element elementor-element-76b9548 e-con-full e-flex e-con e-child\" data-id=\"76b9548\" data-element_type=\"container\">\n\t\t\t\t<div class=\"elementor-element elementor-element-a9cfbb0 elementor-widget elementor-widget-text-editor\" data-id=\"a9cfbb0\" data-element_type=\"widget\" data-widget_type=\"text-editor.default\">\n\t\t\t\t\t\t\t\t\t<p>We come directly to you and find the best solutions together!<\/p>\t\t\t\t\t\t\t\t<\/div>\n\t\t\t\t<div class=\"elementor-element elementor-element-ed664c6 elementor-list-item-link-inline elementor-icon-list--layout-traditional elementor-widget elementor-widget-icon-list\" data-id=\"ed664c6\" data-element_type=\"widget\" data-widget_type=\"icon-list.default\">\n\t\t\t\t\t\t\t<ul class=\"elementor-icon-list-items\">\n\t\t\t\t\t\t\t<li class=\"elementor-icon-list-item\">\n\t\t\t\t\t\t\t\t\t\t\t<a href=\"tel:+494101376760\">\n\n\t\t\t\t\t\t\t\t\t\t\t\t<span class=\"elementor-icon-list-icon\">\n\t\t\t\t\t\t\t<svg xmlns=\"http:\/\/www.w3.org\/2000\/svg\" xmlns:xlink=\"http:\/\/www.w3.org\/1999\/xlink\" id=\"Capa_1\" x=\"0px\" y=\"0px\" viewbox=\"0 0 480.56 480.56\" style=\"enable-background:new 0 0 480.56 480.56;\" xml:space=\"preserve\"><g>\t<g>\t\t<path d=\"M365.354,317.9c-15.7-15.5-35.3-15.5-50.9,0c-11.9,11.8-23.8,23.6-35.5,35.6c-3.2,3.3-5.9,4-9.8,1.8   c-7.7-4.2-15.9-7.6-23.3-12.2c-34.5-21.7-63.4-49.6-89-81c-12.7-15.6-24-32.3-31.9-51.1c-1.6-3.8-1.3-6.3,1.8-9.4   c11.9-11.5,23.5-23.3,35.2-35.1c16.3-16.4,16.3-35.6-0.1-52.1c-9.3-9.4-18.6-18.6-27.9-28c-9.6-9.6-19.1-19.3-28.8-28.8   c-15.7-15.3-35.3-15.3-50.9,0.1c-12,11.8-23.5,23.9-35.7,35.5c-11.3,10.7-17,23.8-18.2,39.1c-1.9,24.9,4.2,48.4,12.8,71.3   c17.6,47.4,44.4,89.5,76.9,128.1c43.9,52.2,96.3,93.5,157.6,123.3c27.6,13.4,56.2,23.7,87.3,25.4c21.4,1.2,40-4.2,54.9-20.9   c10.2-11.4,21.7-21.8,32.5-32.7c16-16.2,16.1-35.8,0.2-51.8C403.554,355.9,384.454,336.9,365.354,317.9z\"><\/path>\t\t<path d=\"M346.254,238.2l36.9-6.3c-5.8-33.9-21.8-64.6-46.1-89c-25.7-25.7-58.2-41.9-94-46.9l-5.2,37.1   c27.7,3.9,52.9,16.4,72.8,36.3C329.454,188.2,341.754,212,346.254,238.2z\"><\/path>\t\t<path d=\"M403.954,77.8c-42.6-42.6-96.5-69.5-156-77.8l-5.2,37.1c51.4,7.2,98,30.5,134.8,67.2c34.9,34.9,57.8,79,66.1,127.5   l36.9-6.3C470.854,169.3,444.354,118.3,403.954,77.8z\"><\/path>\t<\/g><\/g><g><\/g><g><\/g><g><\/g><g><\/g><g><\/g><g><\/g><g><\/g><g><\/g><g><\/g><g><\/g><g><\/g><g><\/g><g><\/g><g><\/g><g><\/g><\/svg>\t\t\t\t\t\t<\/span>\n\t\t\t\t\t\t\t\t\t\t<span class=\"elementor-icon-list-text\">+49 4101 37676-0<\/span>\n\t\t\t\t\t\t\t\t\t\t\t<\/a>\n\t\t\t\t\t\t\t\t\t<\/li>\n\t\t\t\t\t\t<\/ul>\n\t\t\t\t\t\t<\/div>\n\t\t\t\t<\/div>\n\t\t\t\t<\/div>\n\t\t\t\t\t<\/div>\n\t\t\t\t<\/section>\n\t\t\t\t<\/div>","protected":false},"excerpt":{"rendered":"<p>Kabelkonfektionierung Individuelle Kabel f\u00fcr Ihre Anwendung Ob Verarbeitung von elektromechanischen Bauteilen, Steckverbindern, Akkus und Batterien \u2013 wir haben uns auf individuelle Kabelkonfektionen spezialisiert. Denn nur mit dem passenden Kabel k\u00f6nnen alle Systeme reibungslos funktionieren. Wir sind ein kompetenter Fertigungs-Partner und Dienstleister f\u00fcr Neuentwicklung und Konzeption aller f\u00fcr Ihre Applikationen ben\u00f6tigten Kabelkonfektionen. Wir fertigen selbst und [&hellip;]<\/p>","protected":false},"author":6,"featured_media":16348,"parent":0,"menu_order":30,"comment_status":"closed","ping_status":"closed","template":"","meta":{"footnotes":""},"class_list":["post-413","page","type-page","status-publish","has-post-thumbnail","hentry"],"_links":{"self":[{"href":"https:\/\/akkusys.de\/en\/wp-json\/wp\/v2\/pages\/413","targetHints":{"allow":["GET"]}}],"collection":[{"href":"https:\/\/akkusys.de\/en\/wp-json\/wp\/v2\/pages"}],"about":[{"href":"https:\/\/akkusys.de\/en\/wp-json\/wp\/v2\/types\/page"}],"author":[{"embeddable":true,"href":"https:\/\/akkusys.de\/en\/wp-json\/wp\/v2\/users\/6"}],"replies":[{"embeddable":true,"href":"https:\/\/akkusys.de\/en\/wp-json\/wp\/v2\/comments?post=413"}],"version-history":[{"count":4,"href":"https:\/\/akkusys.de\/en\/wp-json\/wp\/v2\/pages\/413\/revisions"}],"predecessor-version":[{"id":16352,"href":"https:\/\/akkusys.de\/en\/wp-json\/wp\/v2\/pages\/413\/revisions\/16352"}],"wp:featuredmedia":[{"embeddable":true,"href":"https:\/\/akkusys.de\/en\/wp-json\/wp\/v2\/media\/16348"}],"wp:attachment":[{"href":"https:\/\/akkusys.de\/en\/wp-json\/wp\/v2\/media?parent=413"}],"curies":[{"name":"wp","href":"https:\/\/api.w.org\/{rel}","templated":true}]}}