{"id":4838,"date":"2021-06-14T08:26:31","date_gmt":"2021-06-14T06:26:31","guid":{"rendered":"https:\/\/akkusys.de\/?page_id=4838"},"modified":"2024-11-14T13:13:52","modified_gmt":"2024-11-14T12:13:52","slug":"data-protection-for-applicants","status":"publish","type":"page","link":"https:\/\/akkusys.de\/en\/data-protection-for-applicants\/","title":{"rendered":"Data protection for applicants"},"content":{"rendered":"<div data-elementor-type=\"wp-page\" data-elementor-id=\"4838\" class=\"elementor elementor-4838\" data-elementor-post-type=\"page\">\n\t\t\t\t<div data-particle_enable=\"false\" data-particle-mobile-disabled=\"false\" class=\"elementor-element elementor-element-8ace1d7 datenschutzerklaerung e-flex e-con-boxed e-con e-parent\" data-id=\"8ace1d7\" data-element_type=\"container\">\n\t\t\t\t\t<div class=\"e-con-inner\">\n\t\t\t\t<div class=\"elementor-element elementor-element-75eaf9e elementor-widget elementor-widget-heading\" data-id=\"75eaf9e\" data-element_type=\"widget\" data-widget_type=\"heading.default\">\n\t\t\t\t\t<h1 class=\"elementor-heading-title elementor-size-default\">Data protection for applicants<\/h1>\t\t\t\t<\/div>\n\t\t\t\t\t<\/div>\n\t\t\t\t<\/div>\n\t\t<div data-particle_enable=\"false\" data-particle-mobile-disabled=\"false\" class=\"elementor-element elementor-element-5368f77 datenschutzerklaerung e-flex e-con-boxed e-con e-parent\" data-id=\"5368f77\" data-element_type=\"container\">\n\t\t\t\t\t<div class=\"e-con-inner\">\n\t\t\t\t<div class=\"elementor-element elementor-element-f80f59e elementor-widget elementor-widget-text-editor\" data-id=\"f80f59e\" data-element_type=\"widget\" data-widget_type=\"text-editor.default\">\n\t\t\t\t\t\t\t\t\t<p><strong>Data protection information for applicants<\/strong><\/p><p>We are pleased that you are interested in us and that you are applying or have applied for a position in our company. We would like to provide you with the following information on the processing of your personal data in connection with your application.<br \/><strong><br \/>Who is responsible for data processing?<\/strong>\u00a0Verantwortlicher im Sinne des Datenschutzrechts ist die: AKKU SYS Akkumulator- und Batterietechnik Nord GmbH Verbindungsweg 23 25469 Halstenbek Sie finden weitere Informationen zu unserem Unternehmen, Angaben zu den vertretungsberechtigten Personen und auch weitere Kontaktm\u00f6glichkeiten in unserem Impressum unserer Internetseite:\u00a0<a href=\"https:\/\/akkusys.wp1.sh\/impressum\/\" data-auto-event-observed=\"true\" rel=\"noopener\">Imprint<\/a><br \/><strong><br \/>Which of your data do we process? And for what purposes?<\/strong>\u00a0We process the data that you have sent us in connection with your application in order to check your suitability for the position (or any other open positions in our companies) and to carry out the application process.<br \/><strong><br \/>What is the legal basis for this?<\/strong>\u00a0The legal basis for the processing of your personal data in this application procedure is primarily Section 26 BDSG in the version applicable from 25 May 2018. Accordingly, the processing of data required in connection with the decision on the establishment of an employment relationship is permitted.&lt; Should the data be required for legal prosecution after completion of the application procedure, data processing may be carried out on the basis of the requirements of Art. 6 GDPR, in particular to safeguard legitimate interests pursuant to Art. 6 para. 1 lit. f) GDPR. Our interest then lies in the assertion or defence of claims.<br \/><strong><br \/>How long will the data be stored?\u00a0<\/strong>Applicant data will be deleted after 6 months in the event of rejection. In the event that you have consented to your personal data being stored further, we will transfer your data to our applicant pool. There the data will be deleted after two years. If you have been accepted for a position as part of the application process, the data will be transferred from the applicant data system to our personnel information system.<br \/><strong><br \/>To which recipients is the data passed on?<\/strong>\u00a0Your application data will be reviewed by the HR department after we receive your application. Suitable applications are then forwarded internally to the department managers responsible for the respective open position. The next steps are then agreed. Within the company, only those persons have access to your data who need it for the proper course of our application procedure.<br \/><strong><br \/>Your rights as a \"data subject\"<\/strong>\u00a0You have the right to information about the personal data we process about you. In the case of a request for information that is not made in writing, we ask for your understanding that we may then require proof from you that you are the person you claim to be. Furthermore, you have a right to rectification or erasure or to restriction of processing, insofar as you are legally entitled to do so. You also have the right to object to processing within the scope of the statutory provisions. The same applies to the right to data portability.<br \/><strong><br \/>Our data protection officer<\/strong>\u00a0We have appointed a data protection officer for our company. You can reach him under the following contact options: Iqanta GmbH Sven Weschler Boschstra\u00dfe 23a 22761 Hamburg kontakt@iqanta.com<br \/><strong><br \/>Right of appeal<\/strong>\u00a0You have the right to complain to a data protection supervisory authority about the processing of personal data by us.<\/p>\t\t\t\t\t\t\t\t<\/div>\n\t\t\t\t\t<\/div>\n\t\t\t\t<\/div>\n\t\t\t\t<\/div>","protected":false},"excerpt":{"rendered":"<p>Datenschutzhinweise f\u00fcr Bewerberinnen und Bewerber Wir freuen uns, dass Sie sich f\u00fcr uns interessieren und sich f\u00fcr eine Stelle in unserem Unternehmen bewerben oder beworben haben. Wir m\u00f6chten Ihnen nachfolgend gerne Informationen zur Verarbeitung Ihrer personenbezogenen Daten im Zusammenhang mit der Bewerbung erteilen.Wer ist f\u00fcr Datenverarbeitung verantwortlich?\u00a0Verantwortlicher im Sinne des Datenschutzrechts ist die: AKKU SYS [&hellip;]<\/p>","protected":false},"author":6,"featured_media":0,"parent":0,"menu_order":43,"comment_status":"closed","ping_status":"closed","template":"","meta":{"footnotes":""},"class_list":["post-4838","page","type-page","status-publish","hentry"],"_links":{"self":[{"href":"https:\/\/akkusys.de\/en\/wp-json\/wp\/v2\/pages\/4838","targetHints":{"allow":["GET"]}}],"collection":[{"href":"https:\/\/akkusys.de\/en\/wp-json\/wp\/v2\/pages"}],"about":[{"href":"https:\/\/akkusys.de\/en\/wp-json\/wp\/v2\/types\/page"}],"author":[{"embeddable":true,"href":"https:\/\/akkusys.de\/en\/wp-json\/wp\/v2\/users\/6"}],"replies":[{"embeddable":true,"href":"https:\/\/akkusys.de\/en\/wp-json\/wp\/v2\/comments?post=4838"}],"version-history":[{"count":0,"href":"https:\/\/akkusys.de\/en\/wp-json\/wp\/v2\/pages\/4838\/revisions"}],"wp:attachment":[{"href":"https:\/\/akkusys.de\/en\/wp-json\/wp\/v2\/media?parent=4838"}],"curies":[{"name":"wp","href":"https:\/\/api.w.org\/{rel}","templated":true}]}}