{"id":8275,"date":"2024-04-11T11:52:24","date_gmt":"2024-04-11T09:52:24","guid":{"rendered":"https:\/\/akkusys.de\/?page_id=8275"},"modified":"2024-11-19T13:45:31","modified_gmt":"2024-11-19T12:45:31","slug":"self-consumption-optimisation","status":"publish","type":"page","link":"https:\/\/akkusys.de\/en\/self-consumption-optimisation\/","title":{"rendered":"Self-consumption optimisation"},"content":{"rendered":"<div data-elementor-type=\"wp-page\" data-elementor-id=\"8275\" class=\"elementor elementor-8275\" data-elementor-post-type=\"page\">\n\t\t\t\t<section data-particle_enable=\"false\" data-particle-mobile-disabled=\"false\" class=\"elementor-element elementor-element-ee70c6f e-flex e-con-boxed e-con e-parent\" data-id=\"ee70c6f\" data-element_type=\"container\" data-settings=\"{&quot;background_background&quot;:&quot;classic&quot;}\">\n\t\t\t\t\t<div class=\"e-con-inner\">\n\t\t<div data-particle_enable=\"false\" data-particle-mobile-disabled=\"false\" class=\"elementor-element elementor-element-ccb9ad4 e-con-full e-flex e-con e-child\" data-id=\"ccb9ad4\" data-element_type=\"container\">\n\t\t\t\t<div class=\"elementor-element elementor-element-04a17e4 elementor-widget elementor-widget-heading\" data-id=\"04a17e4\" data-element_type=\"widget\" data-widget_type=\"heading.default\">\n\t\t\t\t\t<h1 class=\"elementor-heading-title elementor-size-default\">Self-consumption optimisation<\/h1>\t\t\t\t<\/div>\n\t\t\t\t<div class=\"elementor-element elementor-element-8607829 elementor-widget elementor-widget-heading\" data-id=\"8607829\" data-element_type=\"widget\" data-widget_type=\"heading.default\">\n\t\t\t\t\t<h2 class=\"elementor-heading-title elementor-size-default\">Efficient use of solar power: commercial &amp; industrial storage systems as a clever addition to your photovoltaic system<\/h2>\t\t\t\t<\/div>\n\t\t\t\t<div class=\"elementor-element elementor-element-a2bad44 elementor-hidden-desktop elementor-widget elementor-widget-image\" data-id=\"a2bad44\" data-element_type=\"widget\" data-widget_type=\"image.default\">\n\t\t\t\t\t\t\t\t\t\t\t\t\t\t\t<img fetchpriority=\"high\" decoding=\"async\" width=\"800\" height=\"534\" src=\"https:\/\/akkusys.de\/wp-content\/uploads\/Solarmodule.jpg\" class=\"attachment-large size-large wp-image-6288\" alt=\"Solar modules\" srcset=\"https:\/\/akkusys.de\/wp-content\/uploads\/Solarmodule.jpg 1000w, https:\/\/akkusys.de\/wp-content\/uploads\/Solarmodule-300x200.jpg 300w, https:\/\/akkusys.de\/wp-content\/uploads\/Solarmodule-768x512.jpg 768w, https:\/\/akkusys.de\/wp-content\/uploads\/Solarmodule-391x260.jpg 391w, https:\/\/akkusys.de\/wp-content\/uploads\/Solarmodule-112x75.jpg 112w, https:\/\/akkusys.de\/wp-content\/uploads\/Solarmodule-480x320.jpg 480w\" sizes=\"(max-width: 800px) 100vw, 800px\" \/>\t\t\t\t\t\t\t\t\t\t\t\t\t\t\t<\/div>\n\t\t\t\t<div class=\"elementor-element elementor-element-4ba7e8d elementor-widget elementor-widget-text-editor\" data-id=\"4ba7e8d\" data-element_type=\"widget\" data-widget_type=\"text-editor.default\">\n\t\t\t\t\t\t\t\t\t<p>Commercial and industrial storage systems offer the ideal solution for utilising more of your self-generated solar power. At a time when electricity prices are rising relentlessly, many people are looking for ways to maximise their independence from energy suppliers. The key advantage is that these storage systems allow you to efficiently utilise the surplus electricity you produce yourself at times of day when there is little light.<\/p><p>Without the use of storage systems, the surplus solar power is fed into the grid unused, is no longer available for self-consumption and is therefore lost. At the same time, this means that additional electricity has to be drawn from the grid when needed. An energy storage system is the key solution for efficient energy management.<\/p><p>The positive effect of these measures is noticeable: the amount and frequency of electricity drawn from the grid is reduced sustainably, which leads to a long-term reduction in your electricity costs.<\/p><p><strong>Invest in the future of your energy supply with innovative storage solutions.<\/strong><\/p>\t\t\t\t\t\t\t\t<\/div>\n\t\t\t\t<\/div>\n\t\t<div data-particle_enable=\"false\" data-particle-mobile-disabled=\"false\" class=\"elementor-element elementor-element-e6cb701 e-con-full elementor-hidden-tablet elementor-hidden-mobile e-flex e-con e-child\" data-id=\"e6cb701\" data-element_type=\"container\">\n\t\t\t\t<div class=\"elementor-element elementor-element-76c3a7b elementor-widget elementor-widget-image\" data-id=\"76c3a7b\" data-element_type=\"widget\" data-widget_type=\"image.default\">\n\t\t\t\t\t\t\t\t\t\t\t\t\t\t\t<img fetchpriority=\"high\" decoding=\"async\" width=\"800\" height=\"534\" src=\"https:\/\/akkusys.de\/wp-content\/uploads\/Solarmodule.jpg\" class=\"attachment-large size-large wp-image-6288\" alt=\"Solar modules\" srcset=\"https:\/\/akkusys.de\/wp-content\/uploads\/Solarmodule.jpg 1000w, https:\/\/akkusys.de\/wp-content\/uploads\/Solarmodule-300x200.jpg 300w, https:\/\/akkusys.de\/wp-content\/uploads\/Solarmodule-768x512.jpg 768w, https:\/\/akkusys.de\/wp-content\/uploads\/Solarmodule-391x260.jpg 391w, https:\/\/akkusys.de\/wp-content\/uploads\/Solarmodule-112x75.jpg 112w, https:\/\/akkusys.de\/wp-content\/uploads\/Solarmodule-480x320.jpg 480w\" sizes=\"(max-width: 800px) 100vw, 800px\" \/>\t\t\t\t\t\t\t\t\t\t\t\t\t\t\t<\/div>\n\t\t\t\t<\/div>\n\t\t\t\t\t<\/div>\n\t\t\t\t<\/section>\n\t\t<section data-particle_enable=\"false\" data-particle-mobile-disabled=\"false\" class=\"elementor-element elementor-element-604a9e5 e-flex e-con-boxed e-con e-parent\" data-id=\"604a9e5\" data-element_type=\"container\" data-settings=\"{&quot;background_background&quot;:&quot;classic&quot;}\">\n\t\t\t\t\t<div class=\"e-con-inner\">\n\t\t<div data-particle_enable=\"false\" data-particle-mobile-disabled=\"false\" class=\"elementor-element elementor-element-882edf3 e-con-full e-flex e-con e-child\" data-id=\"882edf3\" data-element_type=\"container\">\n\t\t\t\t<div class=\"elementor-element elementor-element-1ca71b1 elementor-widget elementor-widget-heading\" data-id=\"1ca71b1\" data-element_type=\"widget\" data-widget_type=\"heading.default\">\n\t\t\t\t\t<h2 class=\"elementor-heading-title elementor-size-default\">Your advantages at a glance<\/h2>\t\t\t\t<\/div>\n\t\t\t\t<div class=\"elementor-element elementor-element-c134cb1 elementor-widget elementor-widget-eael-feature-list\" data-id=\"c134cb1\" data-element_type=\"widget\" data-widget_type=\"eael-feature-list.default\">\n\t\t\t\t\t\t\t<div class=\"-icon-position-left -tablet-icon-position-left -mobile-icon-position-left\">\n\t\t\t<ul id=\"eael-feature-list-c134cb1\" class=\"eael-feature-list-items circle stacked  eael-feature-list-vertical\" data-layout-tablet=\"vertical\" data-layout-mobile=\"vertical\">\n\t\t\t                <li class=\"eael-feature-list-item elementor-repeater-item-9217453\">\n                    \n\t\t\t\t\t\t<div class=\"eael-feature-list-icon-box\">\n\t\t\t\t\t\t\t<div class=\"eael-feature-list-icon-inner\">\n\n\t\t\t\t\t\t\t\t<span class=\"eael-feature-list-icon fl-icon-0\">\n\n\t\t<svg aria-hidden=\"true\" class=\"e-font-icon-svg e-fas-check\" viewbox=\"0 0 512 512\" xmlns=\"http:\/\/www.w3.org\/2000\/svg\"><path d=\"M173.898 439.404l-166.4-166.4c-9.997-9.997-9.997-26.206 0-36.204l36.203-36.204c9.997-9.998 26.207-9.998 36.204 0L192 312.69 432.095 72.596c9.997-9.997 26.207-9.997 36.204 0l36.203 36.204c9.997 9.997 9.997 26.206 0 36.204l-294.4 294.401c-9.998 9.997-26.207 9.997-36.204-.001z\"><\/path><\/svg>\t\t\t\t\t\t\t\t<\/span>\n\t\t\t\t\t\t\t<\/div>\n\t\t\t\t\t\t<\/div>\n\t\t\t\t\t\t<div class=\"eael-feature-list-content-box\">\n                            <h3 class=\"eael-feature-list-title\">Utilisation of self-generated renewable energies<\/h3>\t\t\t\t\t\t<p class=\"eael-feature-list-content\"><\/p>\n\t\t\t\t\t\t<\/div>\n\n\t\t\t\t\t<\/li>\n\t\t\t\t                <li class=\"eael-feature-list-item elementor-repeater-item-8e3805a\">\n                    \n\t\t\t\t\t\t<div class=\"eael-feature-list-icon-box\">\n\t\t\t\t\t\t\t<div class=\"eael-feature-list-icon-inner\">\n\n\t\t\t\t\t\t\t\t<span class=\"eael-feature-list-icon fl-icon-1\">\n\n\t\t<svg aria-hidden=\"true\" class=\"e-font-icon-svg e-fas-check\" viewbox=\"0 0 512 512\" xmlns=\"http:\/\/www.w3.org\/2000\/svg\"><path d=\"M173.898 439.404l-166.4-166.4c-9.997-9.997-9.997-26.206 0-36.204l36.203-36.204c9.997-9.998 26.207-9.998 36.204 0L192 312.69 432.095 72.596c9.997-9.997 26.207-9.997 36.204 0l36.203 36.204c9.997 9.997 9.997 26.206 0 36.204l-294.4 294.401c-9.998 9.997-26.207 9.997-36.204-.001z\"><\/path><\/svg>\t\t\t\t\t\t\t\t<\/span>\n\t\t\t\t\t\t\t<\/div>\n\t\t\t\t\t\t<\/div>\n\t\t\t\t\t\t<div class=\"eael-feature-list-content-box\">\n                            <h3 class=\"eael-feature-list-title\">Reduction of external electricity costs<\/h3>\t\t\t\t\t\t<p class=\"eael-feature-list-content\"><\/p>\n\t\t\t\t\t\t<\/div>\n\n\t\t\t\t\t<\/li>\n\t\t\t\t                <li class=\"eael-feature-list-item elementor-repeater-item-cf90c3a\">\n                    \n\t\t\t\t\t\t<div class=\"eael-feature-list-icon-box\">\n\t\t\t\t\t\t\t<div class=\"eael-feature-list-icon-inner\">\n\n\t\t\t\t\t\t\t\t<span class=\"eael-feature-list-icon fl-icon-2\">\n\n\t\t<svg aria-hidden=\"true\" class=\"e-font-icon-svg e-fas-check\" viewbox=\"0 0 512 512\" xmlns=\"http:\/\/www.w3.org\/2000\/svg\"><path d=\"M173.898 439.404l-166.4-166.4c-9.997-9.997-9.997-26.206 0-36.204l36.203-36.204c9.997-9.998 26.207-9.998 36.204 0L192 312.69 432.095 72.596c9.997-9.997 26.207-9.997 36.204 0l36.203 36.204c9.997 9.997 9.997 26.206 0 36.204l-294.4 294.401c-9.998 9.997-26.207 9.997-36.204-.001z\"><\/path><\/svg>\t\t\t\t\t\t\t\t<\/span>\n\t\t\t\t\t\t\t<\/div>\n\t\t\t\t\t\t<\/div>\n\t\t\t\t\t\t<div class=\"eael-feature-list-content-box\">\n                            <h3 class=\"eael-feature-list-title\">Ideal for manufacturing industries, public institutions &amp; sustainable companies<\/h3>\t\t\t\t\t\t<p class=\"eael-feature-list-content\"><\/p>\n\t\t\t\t\t\t<\/div>\n\n\t\t\t\t\t<\/li>\n\t\t\t\t\t\t\t<\/ul>\n\t\t<\/div>\n\t\t\t\t\t\t<\/div>\n\t\t\t\t<div class=\"elementor-element elementor-element-19715ab elementor-widget elementor-widget-button\" data-id=\"19715ab\" data-element_type=\"widget\" data-widget_type=\"button.default\">\n\t\t\t\t\t\t\t\t\t\t<a class=\"elementor-button elementor-button-link elementor-size-sm\" href=\"https:\/\/akkusys.de\/en\/contact\/\">\n\t\t\t\t\t\t<span class=\"elementor-button-content-wrapper\">\n\t\t\t\t\t\t<span class=\"elementor-button-icon\">\n\t\t\t\t<svg xmlns=\"http:\/\/www.w3.org\/2000\/svg\" id=\"Layer_2_00000075157625707773917800000006252646407079243187_\" height=\"512\" viewbox=\"0 0 512 512\" width=\"512\"><g id=\"Icon\"><path id=\"_146\" d=\"m392.5 266.6-123.8 123.8c-9.5 9.5-25.6 2.8-25.6-10.6v-53.6c0-4 1.6-7.8 4.4-10.6l59.6-59.6-59.6-59.6c-2.8-2.8-4.4-6.6-4.4-10.6v-53.6c0-13.4 16.2-20.1 25.6-10.6l123.8 123.8c5.9 5.9 5.9 15.4 0 21.2zm-128-21.2-123.8-123.8c-9.4-9.4-25.6-2.8-25.6 10.6v53.6c0 4 1.6 7.8 4.4 10.6l59.6 59.6-59.6 59.6c-2.8 2.8-4.4 6.6-4.4 10.6v53.6c0 13.4 16.2 20.1 25.6 10.6l123.8-123.8c5.9-5.9 5.9-15.4 0-21.2z\"><\/path><\/g><\/svg>\t\t\t<\/span>\n\t\t\t\t\t\t\t\t\t<span class=\"elementor-button-text\"> Arrange a consultation appointment<\/span>\n\t\t\t\t\t<\/span>\n\t\t\t\t\t<\/a>\n\t\t\t\t\t\t\t\t<\/div>\n\t\t\t\t<\/div>\n\t\t\t\t\t<\/div>\n\t\t\t\t<\/section>\n\t\t\t\t<\/div>","protected":false},"excerpt":{"rendered":"<p>Eigenverbrauchsoptimierung Effiziente Nutzung von Solarstrom: Gewerbe- &amp; Industriespeicher als clevere Erg\u00e4nzung f\u00fcr Ihre Photovoltaik-Anlage Gewerbe- und Industriespeicher bieten die optimale L\u00f6sung, um mehr von Ihrem selbst erzeugten Solarstrom zu nutzen. In einer Zeit, in der die Strompreise unaufh\u00f6rlich steigen, suchen viele nach Wegen, ihre Unabh\u00e4ngigkeit von Energieversorgern zu maximieren. Der entscheidende Vorteil liegt darin, dass [&hellip;]<\/p>","protected":false},"author":6,"featured_media":0,"parent":0,"menu_order":16,"comment_status":"closed","ping_status":"closed","template":"","meta":{"footnotes":""},"class_list":["post-8275","page","type-page","status-publish","hentry"],"_links":{"self":[{"href":"https:\/\/akkusys.de\/en\/wp-json\/wp\/v2\/pages\/8275","targetHints":{"allow":["GET"]}}],"collection":[{"href":"https:\/\/akkusys.de\/en\/wp-json\/wp\/v2\/pages"}],"about":[{"href":"https:\/\/akkusys.de\/en\/wp-json\/wp\/v2\/types\/page"}],"author":[{"embeddable":true,"href":"https:\/\/akkusys.de\/en\/wp-json\/wp\/v2\/users\/6"}],"replies":[{"embeddable":true,"href":"https:\/\/akkusys.de\/en\/wp-json\/wp\/v2\/comments?post=8275"}],"version-history":[{"count":0,"href":"https:\/\/akkusys.de\/en\/wp-json\/wp\/v2\/pages\/8275\/revisions"}],"wp:attachment":[{"href":"https:\/\/akkusys.de\/en\/wp-json\/wp\/v2\/media?parent=8275"}],"curies":[{"name":"wp","href":"https:\/\/api.w.org\/{rel}","templated":true}]}}